{"id":594,"date":"2025-06-07T08:22:54","date_gmt":"2025-06-07T11:22:54","guid":{"rendered":"https:\/\/mochilanaestrada.com\/?page_id=594"},"modified":"2025-06-18T07:37:31","modified_gmt":"2025-06-18T10:37:31","slug":"%e3%83%ad%e3%83%96%e3%83%ad%e3%83%83%e3%82%af%e3%82%b9%e3%81%a7%e3%83%ad%e3%83%90%e3%83%83%e3%82%af%e3%82%b9%e3%82%92%e5%85%a5%e6%89%8b%e3%81%99%e3%82%8b%e6%96%b9%e6%b3%95","status":"publish","type":"page","link":"https:\/\/mochilanaestrada.com\/ja\/%e3%83%a9%e3%83%b3%e3%83%87%e3%82%a3%e3%83%b3%e3%82%b0%e3%83%9a%e3%83%bc%e3%82%b8\/%e3%83%ad%e3%83%96%e3%83%ad%e3%83%83%e3%82%af%e3%82%b9%e3%81%a7%e3%83%ad%e3%83%90%e3%83%83%e3%82%af%e3%82%b9%e3%82%92%e5%85%a5%e6%89%8b%e3%81%99%e3%82%8b%e6%96%b9%e6%b3%95\/","title":{"rendered":"Roblox\u3067Robux\u3092\u53d6\u5f97\u3059\u308b\u65b9\u6cd5!"},"content":{"rendered":"<div class=\"gb-container gb-container-ba541e17\">\n<div class=\"gb-container gb-container-150a3d64\">\n\n<p>\u5b89\u5168\u304b\u3064\u6b63\u76f4\u306bRobux\u3092\u7372\u5f97\u3059\u308b\u3053\u3068\u306f\u3001\u4e16\u754c\u4e2d\u306e\u4f55\u767e\u4e07\u4eba\u3082\u306e\u30d7\u30ec\u30a4\u30e4\u30fc\u306e\u9858\u3044\u3067\u3059\u3002\u3055\u3042\u3001\u6e96\u5099\u306f\u3044\u3044\u3067\u3059\u304b\uff1f\u3053\u306e\u5b8c\u5168\u30ac\u30a4\u30c9\u3067\u306f\u3001Roblox\u3067Robux\u3092\u3001\u30dd\u30b1\u30c3\u30c8\u306b\u624b\u3092\u5165\u308c\u308b\u3053\u3068\u306a\u304f\u7372\u5f97\u3059\u308b\u65b9\u6cd5\u3092\u3054\u7d39\u4ecb\u3057\u307e\u3059\u3002<\/p>\n\n\n\n<div class=\"gb-headline gb-headline-2bd01d35 gb-headline-text\">\u5f15\u304d\u7d9a\u304d\u5f0a\u793e\u306e\u30a6\u30a7\u30d6\u30b5\u30a4\u30c8\u3092\u95b2\u89a7\u3057\u3066\u3044\u305f\u3060\u304d\u307e\u3059\u3002<\/div>\n\n\n\n<a class=\"gb-button gb-button-2a035fd3\" href=\"https:\/\/mochilanaestrada.com\/ja\/%e7%84%a1%e6%96%99%e3%81%a7%e3%83%ad%e3%83%90%e3%83%83%e3%82%af%e3%82%b9%e3%82%92%e7%8d%b2%e5%be%97\/\"><span class=\"gb-button-text\"><strong>\u5f15\u304d\u63db\u3048\u65b9\u6cd5<\/strong><\/span><span class=\"gb-icon\"><svg aria-hidden=\"true\" role=\"img\" height=\"1em\" width=\"1em\" viewbox=\"0 0 512 512\" xmlns=\"http:\/\/www.w3.org\/2000\/svg\"><path fill=\"currentColor\" d=\"M173.898 439.404l-166.4-166.4c-9.997-9.997-9.997-26.206 0-36.204l36.203-36.204c9.997-9.998 26.207-9.998 36.204 0L192 312.69 432.095 72.596c9.997-9.997 26.207-9.997 36.204 0l36.203 36.204c9.997 9.997 9.997 26.206 0 36.204l-294.4 294.401c-9.998 9.997-26.207 9.997-36.204-.001z\"><\/path><\/svg><\/span><\/a>\n\n\n\n<p> \u305d\u3057\u3066\u4f55\u3088\u308a\u5b09\u3057\u3044\u306e\u306f\u3001\u3053\u308c\u3089\u306e\u65b9\u6cd5\u306f\u5b89\u5168\u3067\u3001\u5b9f\u969b\u306b\u52b9\u679c\u306e\u3042\u308b\u30c6\u30b9\u30c8\u6e08\u307f\u306e\u65b9\u6cd5\u3060\u3068\u3044\u3046\u3053\u3068\u3067\u3059\uff01\u3057\u304b\u3057\u3001\u6226\u7565\u3092\u8a73\u3057\u304f\u898b\u3066\u3044\u304f\u524d\u306b\u3001Robux\u304c\u306a\u305c\u305d\u308c\u307b\u3069\u4fa1\u5024\u304c\u3042\u308b\u306e\u304b\u3001\u305d\u3057\u3066\u306a\u305c\u591a\u304f\u306e\u30d7\u30ec\u30a4\u30e4\u30fc\u304c\u30ea\u30a2\u30eb\u30de\u30cd\u30fc\u3092\u4f7f\u308f\u305a\u306bRobux\u3092\u624b\u306b\u5165\u308c\u308b\u305f\u3081\u306e\u4ee3\u66ff\u624b\u6bb5\u3092\u63a2\u3057\u3066\u3044\u308b\u306e\u304b\u3092\u7406\u89e3\u3059\u308b\u3053\u3068\u304c\u91cd\u8981\u3067\u3059\u3002 <\/p>\n\n\n\n<p>\u3082\u3061\u308d\u3093\u3001\u6ce8\u610f\u3057\u3066\u304f\u3060\u3055\u3044\u3002\u6700\u521d\u306b\u7d39\u4ecb\u3059\u308b\u65b9\u6cd5\u306f\u9a5a\u304f\u307b\u3069\u7c21\u5358\u3067\u3059\u304c\u3001\u305d\u306e\u5b58\u5728\u3092\u77e5\u3063\u3066\u3044\u308b\u4eba\u306f\u307b\u3068\u3093\u3069\u3044\u307e\u305b\u3093\u3002<\/p>\n\n\n\n<h2 class=\"wp-block-heading\">Robux \u306f\u306a\u305c Roblox \u3088\u308a\u3082\u4fa1\u5024\u304c\u3042\u308b\u306e\u3067\u3057\u3087\u3046\u304b?<\/h2>\n\n\n\n<p>Robux\u306fRoblox\u306e\u4e16\u754c\u306b\u304a\u3051\u308b\u516c\u5f0f\u901a\u8ca8\u3067\u3042\u308a\u3001\u670d\u3001\u30a2\u30af\u30bb\u30b5\u30ea\u30fc\u3001\u30b9\u30ad\u30f3\u3001\u7279\u5225\u306a\u30a2\u30a4\u30c6\u30e0\u3092\u8cfc\u5165\u3057\u305f\u308a\u3001\u6709\u6599\u30b2\u30fc\u30e0\u3084\u9650\u5b9a\u6a5f\u80fd\u306b\u30a2\u30af\u30bb\u30b9\u3057\u305f\u308a\u3059\u308b\u3053\u3068\u304c\u3067\u304d\u307e\u3059\u3002\u3055\u3089\u306b\u3001Robux\u306f\u3001\u697d\u3057\u307f\u305f\u3044\u65b9\u306b\u3082\u3001\u672c\u683c\u7684\u306b\u53d6\u308a\u7d44\u307f\u305f\u3044\u65b9\u306b\u3082\u6b20\u304b\u305b\u306a\u3044\u5b58\u5728\u3067\u3059\u3002<\/p>\n\n\n\n<p>\u3057\u304b\u3057\u3001\u591a\u304f\u306e\u30d7\u30ec\u30a4\u30e4\u30fc\uff08\u7279\u306b\u82e5\u3044\u30d7\u30ec\u30a4\u30e4\u30fc\uff09\u306f\u3001\u30ea\u30a2\u30eb\u30de\u30cd\u30fc\u3067Robux\u3092\u8cfc\u5165\u3059\u308b\u3060\u3051\u306e\u8cc7\u91d1\u304c\u3042\u308a\u307e\u305b\u3093\u3002\u3060\u304b\u3089\u3053\u305d\u3001Roblox\u3067\u5b89\u5168\u306bRobux\u3092\u5165\u624b\u3067\u304d\u308b\u3088\u3046\u306b\u3001\u3053\u306e\u30ac\u30a4\u30c9\u3092\u4f5c\u6210\u3057\u307e\u3057\u305f\u3002<\/p>\n\n\n\n<h2 class=\"wp-block-heading\">\u30ea\u30b9\u30af\u306a\u3057\u3067Robux\u3092\u7a3c\u3050\u5b89\u5168\u306a\u65b9\u6cd5<\/h2>\n\n\n\n<p>\u307e\u305a\u6700\u521d\u306b\u3001\u79c1\u305f\u3061\u304c\u7d39\u4ecb\u3059\u308b\u6226\u7565\u306f\u3059\u3079\u3066\u5408\u6cd5\u3067\u3042\u308a\u3001\u30d7\u30e9\u30c3\u30c8\u30d5\u30a9\u30fc\u30e0\u306e\u30eb\u30fc\u30eb\u306b\u6e96\u62e0\u3057\u3066\u3044\u308b\u3053\u3068\u3092\u304a\u4f1d\u3048\u3057\u3066\u304a\u304d\u307e\u3059\u3002\u8a50\u6b3a\u3084\u602a\u3057\u3044\u30a2\u30d7\u30ea\u306f\u4e00\u5207\u3042\u308a\u307e\u305b\u3093\uff01\u5404\u6226\u7565\u306e\u6982\u8981\u306f\u4ee5\u4e0b\u3092\u3054\u89a7\u304f\u3060\u3055\u3044\u3002\u8a18\u4e8b\u5168\u4f53\u3092\u901a\u3057\u3066\u8a73\u3057\u304f\u8aac\u660e\u3057\u307e\u3059\u3002<\/p>\n\n\n\n<p class=\"gb-headline gb-headline-69a35559 gb-headline-text\"><strong>\ud83d\udca1\u30dd\u30a4\u30f3\u30c8\u30a2\u30d7\u30ea\u3092\u4f7f\u3046<\/strong>: \u30a2\u30d7\u30ea\u5185\u3067\u30af\u30a4\u30ba\u306b\u7b54\u3048\u305f\u308a\u3001\u7c21\u5358\u306a\u30bf\u30b9\u30af\u3092\u5b8c\u4e86\u3057\u305f\u308a\u3057\u3066\u4eee\u60f3\u30b3\u30a4\u30f3\u3092\u8caf\u3081\u3001\u305d\u308c\u3092 Robux \u3068\u4ea4\u63db\u3057\u3066\u304a\u6c17\u306b\u5165\u308a\u306e\u30b2\u30fc\u30e0\u3067\u4f7f\u3044\u307e\u3057\u3087\u3046!<\/p>\n\n\n\n<p class=\"gb-headline gb-headline-3dcb3747 gb-headline-text\"><strong>\ud83d\udee0\ufe0f \u81ea\u5206\u3060\u3051\u306e\u4e16\u754c\u3092\u5275\u9020\u3059\u308b<\/strong>: \u30d7\u30ed\u30b0\u30e9\u30df\u30f3\u30b0\u304c\u5f97\u610f\u306a\u3089\u3001Roblox\u3067\u30b5\u30fc\u30d0\u30fc\u3084\u30de\u30c3\u30d7\u3092\u4f5c\u3063\u3066\u307f\u307e\u305b\u3093\u304b\uff1f\u81ea\u5206\u306e\u30b2\u30fc\u30e0\u3067\u30dc\u30fc\u30ca\u30b9\u3084\u30a2\u30a4\u30c6\u30e0\u3001\u7279\u5225\u306a\u30e9\u30f3\u30af\u3092\u8ca9\u58f2\u3059\u308b\u3053\u3068\u3067Robux\u3092\u7a3c\u3050\u3053\u3068\u304c\u3067\u304d\u307e\u3059\uff01<\/p>\n\n\n\n<p class=\"gb-headline gb-headline-88b79e49 gb-headline-text\"><strong>\ud83c\udfa8 \u30a2\u30a4\u30c6\u30e0\u3092\u30c7\u30b6\u30a4\u30f3\u3057\u3066\u8ca9\u58f2\u3059\u308b<\/strong>: \u60f3\u50cf\u529b\u3092\u89e3\u304d\u653e\u3061\u3001\u5275\u9020\u529b\u3092\u53ce\u5165\u306b\u5909\u3048\u307e\u3057\u3087\u3046\uff01\u670d\u3084\u30a2\u30af\u30bb\u30b5\u30ea\u30fc\u306a\u3069\u306e\u30a2\u30a4\u30c6\u30e0\u3092\u4f5c\u308a\u3001Roblox\u4ee5\u5185\u306b\u4ed6\u306e\u30d7\u30ec\u30a4\u30e4\u30fc\u306b\u8ca9\u58f2\u3057\u307e\u3057\u3087\u3046\u3002<\/p>\n\n\n\n<h2 class=\"wp-block-heading\">\u5f53\u793e\u306e\u6226\u7565\u304c\u306a\u305c\u6700\u9ad8\u306a\u306e\u304b?<\/h2>\n\n\n\n<p>\u9577\u5e74\u306b\u308f\u305f\u308a\u3001Roblox\u3067Robux\u3092\u9054\u6210\u3059\u308b\u305f\u3081\u306e\u65b9\u6cd5\u306f\u6570\u591a\u304f\u767b\u5834\u3057\u3066\u304d\u307e\u3057\u305f\u304c\u3001\u5b9f\u969b\u306b\u5b89\u5168\u304b\u3064\u5177\u4f53\u7684\u306a\u6210\u679c\u3092\u3082\u305f\u3089\u3059\u3082\u306e\u306f\u307b\u3068\u3093\u3069\u3042\u308a\u307e\u305b\u3093\u3002\u79c1\u305f\u3061\u304c\u63a8\u5968\u3059\u308b\u6226\u7565\u306b\u306f\u3001\u5927\u304d\u306a\u9055\u3044\u3092\u3082\u305f\u3089\u3059\u30e1\u30ea\u30c3\u30c8\u304c\u3042\u308a\u307e\u3059\u3002\u4e3b\u306a\u30e1\u30ea\u30c3\u30c8\u30922\u3064\u3054\u7d39\u4ecb\u3057\u307e\u3059\u3002<\/p>\n\n\n\n<p class=\"gb-headline gb-headline-2f75642c gb-headline-text\">\u2705 <strong>\u30c8\u30fc\u30bf\u30eb\u30bb\u30ad\u30e5\u30ea\u30c6\u30a3<\/strong>: \u3059\u3079\u3066\u306e\u65b9\u6cd5\u306f\u516c\u5f0f\u306e Roblox \u30eb\u30fc\u30eb\u306b\u6e96\u62e0\u3057\u3066\u304a\u308a\u3001\u7981\u6b62\u3055\u308c\u305f\u308a\u8a50\u6b3a\u306b\u906d\u3063\u305f\u308a\u3059\u308b\u30ea\u30b9\u30af\u306f\u3042\u308a\u307e\u305b\u3093\u3002<\/p>\n\n\n\n<p class=\"gb-headline gb-headline-260e8379 gb-headline-text\">\u2705 <strong>\u30b9\u30ad\u30eb\u958b\u767a<\/strong>: Robux \u3092\u53d6\u5f97\u3057\u306a\u304c\u3089\u3001Roblox \u306e\u5185\u5916\u3067\u5f79\u7acb\u3064\u5275\u9020\u529b\u3001\u8d77\u696d\u5bb6\u7cbe\u795e\u3001\u3055\u3089\u306b\u306f\u30d7\u30ed\u30b0\u30e9\u30df\u30f3\u30b0\u30b9\u30ad\u30eb\u3082\u5b66\u3073\u3001\u5411\u4e0a\u3055\u305b\u307e\u3059\u3002<\/p>\n\n\n\n<h2 class=\"wp-block-heading\">\u7d50\u8ad6<\/h2>\n\n\n\n<p>Roblox\u3067Robux\u3092\u304a\u91d1\u3092\u304b\u3051\u305a\u306b\u3001\u30ea\u30b9\u30af\u3092\u8ca0\u308f\u305a\u306b\u624b\u306b\u5165\u308c\u308b\u6700\u826f\u306e\u65b9\u6cd5\u3092\u3054\u5b58\u77e5\u306b\u306a\u308a\u307e\u3057\u305f\u3002\u3053\u306e\u7279\u5225\u306a\u6a5f\u4f1a\u3092\u9003\u3055\u306a\u3044\u3067\u304f\u3060\u3055\u3044\u3002\u521d\u5fc3\u8005\u3067\u3082\u30d9\u30c6\u30e9\u30f3\u3067\u3082\u3001\u3053\u308c\u3089\u306e\u65b9\u6cd5\u306f\u30d7\u30e9\u30c3\u30c8\u30d5\u30a9\u30fc\u30e0\u3067\u306e\u4f53\u9a13\u3092\u5287\u7684\u306b\u5909\u3048\u308b\u3067\u3057\u3087\u3046\uff01<\/p>\n\n\n\n<p>\u3053\u308c\u306f\u3001Roblox\u3067\u30ec\u30d9\u30eb\u30a2\u30c3\u30d7\u3057\u305f\u308a\u3001\u305a\u3063\u3068\u6b32\u3057\u304b\u3063\u305f\u30b9\u30ad\u30f3\u3092\u624b\u306b\u5165\u308c\u305f\u308a\u3001\u304a\u6c17\u306b\u5165\u308a\u306e\u30b2\u30fc\u30e0\u3067\u30ec\u30a2\u306a\u9650\u5b9a\u30a2\u30a4\u30c6\u30e0\u3092\u30a2\u30f3\u30ed\u30c3\u30af\u3057\u305f\u308a\u3059\u308b\u7d76\u597d\u306e\u30c1\u30e3\u30f3\u30b9\u304b\u3082\u3057\u308c\u307e\u305b\u3093\u3002\u3055\u3042\u3001\u3053\u3053\u3067\u5b66\u3093\u3060\u3053\u3068\u3092\u5b9f\u8df5\u3057\u3066\u3001\u4eca\u65e5\u304b\u3089Roblox\u3067\u306e\u65c5\u3092\u5909\u3048\u307e\u3057\u3087\u3046\uff01<\/p>\n\n<\/div>\n<\/div>","protected":false},"excerpt":{"rendered":"<p>Ganhar robux de forma segura e honesta \u00e9 o desejo de milh\u00f5es de jogadores ao redor do mundo. Prepare-se: neste guia completo, vamos mostrar como conseguir Robux no Roblox sem precisar colocar a m\u00e3o no bolso. Continuar\u00e1 navegando em nosso site. E o melhor: s\u00e3o m\u00e9todos seguros, testados e que &#8230; <a title=\"Roblox\u3067Robux\u3092\u53d6\u5f97\u3059\u308b\u65b9\u6cd5!\" class=\"read-more\" href=\"https:\/\/mochilanaestrada.com\/ja\/%e3%83%a9%e3%83%b3%e3%83%87%e3%82%a3%e3%83%b3%e3%82%b0%e3%83%9a%e3%83%bc%e3%82%b8\/%e3%83%ad%e3%83%96%e3%83%ad%e3%83%83%e3%82%af%e3%82%b9%e3%81%a7%e3%83%ad%e3%83%90%e3%83%83%e3%82%af%e3%82%b9%e3%82%92%e5%85%a5%e6%89%8b%e3%81%99%e3%82%8b%e6%96%b9%e6%b3%95\/\" aria-label=\"Como Conseguir Robux no Roblox! \u306b\u3064\u3044\u3066\u3055\u3089\u306b\u8aad\u3080\">\u7d9a\u304d\u3092\u8aad\u3080<\/a><\/p>","protected":false},"author":6,"featured_media":0,"parent":591,"menu_order":0,"comment_status":"closed","ping_status":"closed","template":"","meta":{"_acf_changed":false,"footnotes":""},"class_list":["post-594","page","type-page","status-publish"],"acf":[],"_links":{"self":[{"href":"https:\/\/mochilanaestrada.com\/ja\/wp-json\/wp\/v2\/pages\/594","targetHints":{"allow":["GET"]}}],"collection":[{"href":"https:\/\/mochilanaestrada.com\/ja\/wp-json\/wp\/v2\/pages"}],"about":[{"href":"https:\/\/mochilanaestrada.com\/ja\/wp-json\/wp\/v2\/types\/page"}],"author":[{"embeddable":true,"href":"https:\/\/mochilanaestrada.com\/ja\/wp-json\/wp\/v2\/users\/6"}],"replies":[{"embeddable":true,"href":"https:\/\/mochilanaestrada.com\/ja\/wp-json\/wp\/v2\/comments?post=594"}],"version-history":[{"count":8,"href":"https:\/\/mochilanaestrada.com\/ja\/wp-json\/wp\/v2\/pages\/594\/revisions"}],"predecessor-version":[{"id":720,"href":"https:\/\/mochilanaestrada.com\/ja\/wp-json\/wp\/v2\/pages\/594\/revisions\/720"}],"up":[{"embeddable":true,"href":"https:\/\/mochilanaestrada.com\/ja\/wp-json\/wp\/v2\/pages\/591"}],"wp:attachment":[{"href":"https:\/\/mochilanaestrada.com\/ja\/wp-json\/wp\/v2\/media?parent=594"}],"curies":[{"name":"wp","href":"https:\/\/api.w.org\/{rel}","templated":true}]}}