{"id":22,"date":"2025-03-17T07:27:38","date_gmt":"2025-03-17T10:27:38","guid":{"rendered":"https:\/\/mochilanaestrada.com\/?page_id=22"},"modified":"2025-04-18T11:36:01","modified_gmt":"2025-04-18T14:36:01","slug":"%e6%8e%a5%e8%a7%a6","status":"publish","type":"page","link":"https:\/\/mochilanaestrada.com\/ja\/%e6%8e%a5%e8%a7%a6\/","title":{"rendered":"\u63a5\u89e6"},"content":{"rendered":"<p><strong>\u304a\u554f\u3044\u5408\u308f\u305b<\/strong><\/p>\n\n\n\n<p>\u559c\u3093\u3067\u304a\u624b\u4f1d\u3044\u3055\u305b\u3066\u3044\u305f\u3060\u304d\u307e\u3059\uff01\u8ffd\u52a0\u60c5\u5831\u3084\u3054\u63d0\u6848\u306a\u3069\u3054\u3056\u3044\u307e\u3057\u305f\u3089\u3001\u304a\u6c17\u8efd\u306b\u4e0b\u8a18\u306e\u3044\u305a\u308c\u304b\u306e\u65b9\u6cd5\u3067\u304a\u554f\u3044\u5408\u308f\u305b\u304f\u3060\u3055\u3044\u3002<\/p>\n\n\n\n<p><strong>E\u30e1\u30fc\u30eb<\/strong><\/p>\n\n\n\n<p>\u5e83\u544a\u3084\u305d\u306e\u4ed6\u306e\u4e8b\u9805\u306b\u95a2\u3059\u308b\u3054\u8cea\u554f\u306f\u3001\u4e0b\u8a18\u307e\u3067\u304a\u554f\u3044\u5408\u308f\u305b\u304f\u3060\u3055\u3044\u3002 <a href=\"mailto:contacto@mochilanaestrada.com\" data-type=\"mailto\" data-id=\"mailto:contacto@mochilanaestrada.com\">contacto@mochilanaestrada.com<\/a>\u8fc5\u901f\u306b\u5bfe\u5fdc\u3067\u304d\u308b\u3088\u3046\u6700\u5584\u3092\u5c3d\u304f\u3057\u307e\u3059\u3002<\/p>","protected":false},"excerpt":{"rendered":"<p>Entre em Contato Estamos aqui para auxili\u00e1-lo! Se precisar de informa\u00e7\u00f5es adicionais ou quiser fazer uma sugest\u00e3o, n\u00e3o hesite em nos contactar de uma das seguintes maneiras: E-mail Para quest\u00f5es sobre publicidade ou outros assuntos, por favor, entre em contato atrav\u00e9s do endere\u00e7o eletr\u00f3nico contacto@mochilanaestrada.com. Faremos o poss\u00edvel para responder &#8230; <a title=\"\u63a5\u89e6\" class=\"read-more\" href=\"https:\/\/mochilanaestrada.com\/ja\/%e6%8e%a5%e8%a7%a6\/\" aria-label=\"Contacto \u306b\u3064\u3044\u3066\u3055\u3089\u306b\u8aad\u3080\">\u7d9a\u304d\u3092\u8aad\u3080<\/a><\/p>","protected":false},"author":1,"featured_media":0,"parent":0,"menu_order":0,"comment_status":"closed","ping_status":"closed","template":"","meta":{"_acf_changed":false,"footnotes":""},"class_list":["post-22","page","type-page","status-publish"],"acf":[],"_links":{"self":[{"href":"https:\/\/mochilanaestrada.com\/ja\/wp-json\/wp\/v2\/pages\/22","targetHints":{"allow":["GET"]}}],"collection":[{"href":"https:\/\/mochilanaestrada.com\/ja\/wp-json\/wp\/v2\/pages"}],"about":[{"href":"https:\/\/mochilanaestrada.com\/ja\/wp-json\/wp\/v2\/types\/page"}],"author":[{"embeddable":true,"href":"https:\/\/mochilanaestrada.com\/ja\/wp-json\/wp\/v2\/users\/1"}],"replies":[{"embeddable":true,"href":"https:\/\/mochilanaestrada.com\/ja\/wp-json\/wp\/v2\/comments?post=22"}],"version-history":[{"count":2,"href":"https:\/\/mochilanaestrada.com\/ja\/wp-json\/wp\/v2\/pages\/22\/revisions"}],"predecessor-version":[{"id":414,"href":"https:\/\/mochilanaestrada.com\/ja\/wp-json\/wp\/v2\/pages\/22\/revisions\/414"}],"wp:attachment":[{"href":"https:\/\/mochilanaestrada.com\/ja\/wp-json\/wp\/v2\/media?parent=22"}],"curies":[{"name":"wp","href":"https:\/\/api.w.org\/{rel}","templated":true}]}}