{"id":594,"date":"2025-06-07T08:22:54","date_gmt":"2025-06-07T11:22:54","guid":{"rendered":"https:\/\/mochilanaestrada.com\/?page_id=594"},"modified":"2025-06-18T07:37:31","modified_gmt":"2025-06-18T10:37:31","slug":"cara-mendapatkan-robux-di-roblox","status":"publish","type":"page","link":"https:\/\/mochilanaestrada.com\/id\/halaman-arahan\/cara-mendapatkan-robux-di-roblox\/","title":{"rendered":"Cara Mendapatkan Robux di Roblox!"},"content":{"rendered":"<div class=\"gb-container gb-container-ba541e17\">\n<div class=\"gb-container gb-container-150a3d64\">\n\n<p>Mendapatkan Robux dengan aman dan jujur adalah keinginan jutaan pemain di seluruh dunia. Bersiaplah: dalam panduan lengkap ini, kami akan menunjukkan cara mendapatkan Robux di Roblox tanpa harus merogoh kocek dalam-dalam.<\/p>\n\n\n\n<div class=\"gb-headline gb-headline-2bd01d35 gb-headline-text\">Anda akan melanjutkan penelusuran situs web kami.<\/div>\n\n\n\n<a class=\"gb-button gb-button-2a035fd3\" href=\"https:\/\/mochilanaestrada.com\/id\/dapatkan-robux-gratis\/\"><span class=\"gb-button-text\"><strong>CARA MENEBUS<\/strong><\/span><span class=\"gb-icon\"><svg aria-hidden=\"true\" role=\"img\" height=\"1em\" width=\"1em\" viewbox=\"0 0 512 512\" xmlns=\"http:\/\/www.w3.org\/2000\/svg\"><path fill=\"currentColor\" d=\"M173.898 439.404l-166.4-166.4c-9.997-9.997-9.997-26.206 0-36.204l36.203-36.204c9.997-9.998 26.207-9.998 36.204 0L192 312.69 432.095 72.596c9.997-9.997 26.207-9.997 36.204 0l36.203 36.204c9.997 9.997 9.997 26.206 0 36.204l-294.4 294.401c-9.998 9.997-26.207 9.997-36.204-.001z\"><\/path><\/svg><\/span><\/a>\n\n\n\n<p> Dan bagian terbaiknya adalah metode ini aman, teruji, dan benar-benar berfungsi! Namun, sebelum membahas strateginya, penting untuk memahami mengapa Robux sangat berharga dan mengapa banyak pemain mencari alternatif untuk mendapatkannya tanpa mengeluarkan uang sungguhan. <\/p>\n\n\n\n<p>Dan tentu saja, berhati-hatilah: metode pertama yang akan kami ungkapkan ternyata sangat sederhana, tetapi hanya sedikit orang yang mengetahuinya!<\/p>\n\n\n\n<h2 class=\"wp-block-heading\">Mengapa Robux begitu berharga dibanding Roblox?<\/h2>\n\n\n\n<p>Robux adalah mata uang resmi di jagat Roblox, dan dengannya Anda dapat membeli pakaian, aksesori, skin, item khusus, dan bahkan mengakses game berbayar atau fungsi eksklusif. Selain itu, Robux sangat penting untuk bersenang-senang dan bagi mereka yang ingin mencoba.<\/p>\n\n\n\n<p>Namun, banyak pemain (terutama yang masih muda) tidak memiliki cukup uang untuk membeli Robux dengan uang sungguhan. Itulah sebabnya kami membuat panduan ini: agar Anda bisa mendapatkan Robux di Roblox dengan aman.<\/p>\n\n\n\n<h2 class=\"wp-block-heading\">Metode Aman Mendapatkan Robux Tanpa Risiko<\/h2>\n\n\n\n<p>Pertama-tama, perlu disebutkan bahwa semua strategi yang kami sajikan sah dan mengikuti aturan platform. Tidak ada skema atau aplikasi yang mencurigakan! Simak ringkasan setiap metode di bawah ini, yang akan kami uraikan secara terperinci di seluruh artikel:<\/p>\n\n\n\n<p class=\"gb-headline gb-headline-69a35559 gb-headline-text\"><strong>\ud83d\udca1 Gunakan Aplikasi Poin<\/strong>: jawab kuis atau selesaikan tugas sederhana di aplikasi, kumpulkan koin virtual, lalu tukarkan dengan Robux untuk dibelanjakan dalam permainan favorit Anda!<\/p>\n\n\n\n<p class=\"gb-headline gb-headline-3dcb3747 gb-headline-text\"><strong>\ud83d\udee0\ufe0f Ciptakan Duniamu Sendiri<\/strong>: Jika Anda ahli dalam pemrograman, bagaimana dengan membuat server atau peta di Roblox? Anda bisa mendapatkan Robux dengan menjual bonus, item, atau bahkan peringkat khusus dalam permainan Anda sendiri!<\/p>\n\n\n\n<p class=\"gb-headline gb-headline-88b79e49 gb-headline-text\"><strong>\ud83c\udfa8 Desain dan Jual Barang<\/strong>: Bebaskan imajinasi Anda dan ubah kreativitas Anda menjadi pendapatan! Ciptakan pakaian, aksesori, atau barang lain dan jual ke pemain lain dalam Roblox.<\/p>\n\n\n\n<h2 class=\"wp-block-heading\">Mengapa Strategi Kami yang Terbaik?<\/h2>\n\n\n\n<p>Selama bertahun-tahun, banyak metode telah muncul untuk mencapai Robux dalam Roblox, tetapi hanya sedikit yang benar-benar menawarkan hasil yang aman dan konkret. Strategi yang kami rekomendasikan memiliki kelebihan yang membuat semua perbedaan. Lihat di bawah ini dua manfaat utama:<\/p>\n\n\n\n<p class=\"gb-headline gb-headline-2f75642c gb-headline-text\">\u2705 <strong>Keamanan Total<\/strong>: Semua metode mematuhi aturan resmi Roblox, yang memastikan Anda tidak menghadapi risiko diblokir atau tertipu penipuan.<\/p>\n\n\n\n<p class=\"gb-headline gb-headline-260e8379 gb-headline-text\">\u2705 <strong>Pengembangan Keterampilan<\/strong>: Sambil memperoleh Robux, Anda juga belajar dan meningkatkan keterampilan kreatif, kewirausahaan, dan bahkan pemrograman, yang berguna di dalam dan di luar Roblox!<\/p>\n\n\n\n<h2 class=\"wp-block-heading\">Kesimpulan<\/h2>\n\n\n\n<p>Sekarang setelah Anda mengetahui cara terbaik untuk mendapatkan Robux di Roblox tanpa mengeluarkan uang dan tanpa mengambil risiko, jangan sia-siakan kesempatan eksklusif ini. Baik Anda seorang pemula atau veteran, metode ini benar-benar dapat mengubah pengalaman Anda di platform ini!<\/p>\n\n\n\n<p>Ini bisa menjadi kesempatan besar Anda untuk naik level di Roblox, mendapatkan skin yang selalu Anda inginkan, atau bahkan membuka item langka dan eksklusif di game favorit Anda. Jadi, mulailah bekerja: praktikkan apa yang telah Anda pelajari di sini dan mulailah mengubah perjalanan Anda di Roblox hari ini!<\/p>\n\n<\/div>\n<\/div>","protected":false},"excerpt":{"rendered":"<p>Ganhar robux de forma segura e honesta \u00e9 o desejo de milh\u00f5es de jogadores ao redor do mundo. Prepare-se: neste guia completo, vamos mostrar como conseguir Robux no Roblox sem precisar colocar a m\u00e3o no bolso. Continuar\u00e1 navegando em nosso site. E o melhor: s\u00e3o m\u00e9todos seguros, testados e que &#8230; <a title=\"Cara Mendapatkan Robux di Roblox!\" class=\"read-more\" href=\"https:\/\/mochilanaestrada.com\/id\/halaman-arahan\/cara-mendapatkan-robux-di-roblox\/\" aria-label=\"Baca selengkapnya tentang Como Conseguir Robux no Roblox!\">Baca selengkapnya<\/a><\/p>","protected":false},"author":6,"featured_media":0,"parent":591,"menu_order":0,"comment_status":"closed","ping_status":"closed","template":"","meta":{"_acf_changed":false,"footnotes":""},"class_list":["post-594","page","type-page","status-publish"],"acf":[],"_links":{"self":[{"href":"https:\/\/mochilanaestrada.com\/id\/wp-json\/wp\/v2\/pages\/594","targetHints":{"allow":["GET"]}}],"collection":[{"href":"https:\/\/mochilanaestrada.com\/id\/wp-json\/wp\/v2\/pages"}],"about":[{"href":"https:\/\/mochilanaestrada.com\/id\/wp-json\/wp\/v2\/types\/page"}],"author":[{"embeddable":true,"href":"https:\/\/mochilanaestrada.com\/id\/wp-json\/wp\/v2\/users\/6"}],"replies":[{"embeddable":true,"href":"https:\/\/mochilanaestrada.com\/id\/wp-json\/wp\/v2\/comments?post=594"}],"version-history":[{"count":8,"href":"https:\/\/mochilanaestrada.com\/id\/wp-json\/wp\/v2\/pages\/594\/revisions"}],"predecessor-version":[{"id":720,"href":"https:\/\/mochilanaestrada.com\/id\/wp-json\/wp\/v2\/pages\/594\/revisions\/720"}],"up":[{"embeddable":true,"href":"https:\/\/mochilanaestrada.com\/id\/wp-json\/wp\/v2\/pages\/591"}],"wp:attachment":[{"href":"https:\/\/mochilanaestrada.com\/id\/wp-json\/wp\/v2\/media?parent=594"}],"curies":[{"name":"wp","href":"https:\/\/api.w.org\/{rel}","templated":true}]}}