{"id":594,"date":"2025-06-07T08:22:54","date_gmt":"2025-06-07T11:22:54","guid":{"rendered":"https:\/\/mochilanaestrada.com\/?page_id=594"},"modified":"2025-06-18T07:37:31","modified_gmt":"2025-06-18T10:37:31","slug":"comment-obtenir-des-robux-sur-roblox","status":"publish","type":"page","link":"https:\/\/mochilanaestrada.com\/fr\/page-de-destination\/comment-obtenir-des-robux-sur-roblox\/","title":{"rendered":"Comment obtenir Robux en Roblox\u00a0!"},"content":{"rendered":"<div class=\"gb-container gb-container-ba541e17\">\n<div class=\"gb-container gb-container-150a3d64\">\n\n<p>Gagner des Robux en toute s\u00e9curit\u00e9 et honn\u00eatet\u00e9 est le r\u00eave de millions de joueurs \u00e0 travers le monde. Pr\u00e9parez-vous\u00a0: dans ce guide complet, nous vous montrerons comment obtenir Robux et Roblox sans d\u00e9penser un centime.<\/p>\n\n\n\n<div class=\"gb-headline gb-headline-2bd01d35 gb-headline-text\">Vous continuerez \u00e0 naviguer sur notre site.<\/div>\n\n\n\n<a class=\"gb-button gb-button-2a035fd3\" href=\"https:\/\/mochilanaestrada.com\/fr\/gagner-des-robux-gratuits\/\"><span class=\"gb-button-text\"><strong>COMMENT UTILISER<\/strong><\/span><span class=\"gb-icon\"><svg aria-hidden=\"true\" role=\"img\" height=\"1em\" width=\"1em\" viewbox=\"0 0 512 512\" xmlns=\"http:\/\/www.w3.org\/2000\/svg\"><path fill=\"currentColor\" d=\"M173.898 439.404l-166.4-166.4c-9.997-9.997-9.997-26.206 0-36.204l36.203-36.204c9.997-9.998 26.207-9.998 36.204 0L192 312.69 432.095 72.596c9.997-9.997 26.207-9.997 36.204 0l36.203 36.204c9.997 9.997 9.997 26.206 0 36.204l-294.4 294.401c-9.998 9.997-26.207 9.997-36.204-.001z\"><\/path><\/svg><\/span><\/a>\n\n\n\n<p> Et le meilleur dans tout \u00e7a, c&#039;est que ces m\u00e9thodes sont s\u00fbres, test\u00e9es et efficaces\u00a0! Mais avant de vous plonger dans les strat\u00e9gies, il est important de comprendre pourquoi Robux est si pr\u00e9cieux et pourquoi tant de joueurs recherchent des alternatives pour l&#039;obtenir sans d\u00e9penser d&#039;argent r\u00e9el. <\/p>\n\n\n\n<p>Et bien s\u00fbr, soyez prudent : la premi\u00e8re m\u00e9thode que nous allons vous d\u00e9voiler est \u00e9tonnamment simple, mais peu de gens savent qu&#039;elle existe !<\/p>\n\n\n\n<h2 class=\"wp-block-heading\">Pourquoi Robux est-il si pr\u00e9cieux par rapport \u00e0 Roblox\u00a0?<\/h2>\n\n\n\n<p>Robux est la monnaie officielle de l&#039;univers Roblox. Elle vous permet d&#039;acheter des v\u00eatements, des accessoires, des skins, des objets sp\u00e9ciaux et m\u00eame d&#039;acc\u00e9der \u00e0 des jeux payants ou \u00e0 des fonctionnalit\u00e9s exclusives. De plus, Robux est essentiel pour le plaisir et pour ceux qui souhaitent entreprendre.<\/p>\n\n\n\n<p>Cependant, de nombreux joueurs (surtout les plus jeunes) n&#039;ont pas les moyens d&#039;acheter des Robux avec de l&#039;argent r\u00e9el. C&#039;est pr\u00e9cis\u00e9ment pourquoi nous avons cr\u00e9\u00e9 ce guide\u00a0: pour que vous puissiez obtenir des Robux et des Roblox en toute s\u00e9curit\u00e9.<\/p>\n\n\n\n<h2 class=\"wp-block-heading\">M\u00e9thodes s\u00fbres pour gagner Robux sans risque<\/h2>\n\n\n\n<p>Tout d&#039;abord, il convient de pr\u00e9ciser que toutes les strat\u00e9gies que nous pr\u00e9sentons sont l\u00e9gitimes et respectent les r\u00e8gles de la plateforme. Pas de fraude ni d&#039;application suspecte\u00a0! Consultez le r\u00e9sum\u00e9 de chaque m\u00e9thode ci-dessous, que nous d\u00e9taillerons tout au long de l&#039;article\u00a0:<\/p>\n\n\n\n<p class=\"gb-headline gb-headline-69a35559 gb-headline-text\"><strong>\ud83d\udca1 Utiliser les applications Points<\/strong>: r\u00e9pondez \u00e0 des quiz ou effectuez des t\u00e2ches simples dans des applications, accumulez des pi\u00e8ces virtuelles puis \u00e9changez-les contre Robux \u00e0 d\u00e9penser dans votre jeu pr\u00e9f\u00e9r\u00e9 !<\/p>\n\n\n\n<p class=\"gb-headline gb-headline-3dcb3747 gb-headline-text\"><strong>\ud83d\udee0\ufe0f Cr\u00e9ez votre propre monde<\/strong>Si vous savez programmer, pourquoi ne pas cr\u00e9er un serveur ou une carte en Roblox\u00a0? Vous pouvez gagner Robux en vendant des bonus, des objets ou m\u00eame des rangs sp\u00e9ciaux dans votre propre jeu\u00a0!<\/p>\n\n\n\n<p class=\"gb-headline gb-headline-88b79e49 gb-headline-text\"><strong>\ud83c\udfa8 Concevez et vendez des articles<\/strong>: Lib\u00e9rez votre imagination et transformez votre cr\u00e9ativit\u00e9 en revenus ! Cr\u00e9ez des v\u00eatements, des accessoires et d&#039;autres objets et vendez-les aux autres joueurs dans Roblox.<\/p>\n\n\n\n<h2 class=\"wp-block-heading\">Pourquoi nos strat\u00e9gies sont-elles les meilleures ?<\/h2>\n\n\n\n<p>Au fil des ans, de nombreuses m\u00e9thodes ont vu le jour pour atteindre le Robux en Roblox, mais peu offrent r\u00e9ellement des r\u00e9sultats s\u00fbrs et concrets. Les strat\u00e9gies que nous recommandons pr\u00e9sentent des avantages qui font toute la diff\u00e9rence. Voici deux de leurs principaux avantages\u00a0:<\/p>\n\n\n\n<p class=\"gb-headline gb-headline-2f75642c gb-headline-text\">\u2705 <strong>S\u00e9curit\u00e9 totale<\/strong>:Toutes les m\u00e9thodes sont conformes aux r\u00e8gles officielles Roblox, garantissant que vous ne courez pas le risque d&#039;\u00eatre banni ou de tomber dans le pi\u00e8ge des escroqueries.<\/p>\n\n\n\n<p class=\"gb-headline gb-headline-260e8379 gb-headline-text\">\u2705 <strong>D\u00e9veloppement des comp\u00e9tences<\/strong>:Tout en gagnant Robux, vous apprenez et am\u00e9liorez \u00e9galement vos comp\u00e9tences cr\u00e9atives, entrepreneuriales et m\u00eame en programmation, utiles \u00e0 l&#039;int\u00e9rieur et \u00e0 l&#039;ext\u00e9rieur de Roblox !<\/p>\n\n\n\n<h2 class=\"wp-block-heading\">Conclusion<\/h2>\n\n\n\n<p>Maintenant que vous connaissez les meilleures fa\u00e7ons d&#039;obtenir Robux sur Roblox sans d\u00e9penser d&#039;argent et sans prendre de risques, ne ratez pas cette opportunit\u00e9 exclusive. Que vous soyez d\u00e9butant ou exp\u00e9riment\u00e9, ces m\u00e9thodes peuvent transformer votre exp\u00e9rience sur la plateforme\u00a0!<\/p>\n\n\n\n<p>C&#039;est peut-\u00eatre l&#039;occasion id\u00e9ale de progresser dans Roblox, d&#039;obtenir les skins dont vous r\u00eavez, ou m\u00eame de d\u00e9bloquer des objets rares et exclusifs dans vos jeux pr\u00e9f\u00e9r\u00e9s. Alors, au travail\u00a0! Mettez en pratique ce que vous avez appris ici et commencez \u00e0 transformer votre aventure dans Roblox d\u00e8s aujourd&#039;hui\u00a0!<\/p>\n\n<\/div>\n<\/div>","protected":false},"excerpt":{"rendered":"<p>Ganhar robux de forma segura e honesta \u00e9 o desejo de milh\u00f5es de jogadores ao redor do mundo. Prepare-se: neste guia completo, vamos mostrar como conseguir Robux no Roblox sem precisar colocar a m\u00e3o no bolso. Continuar\u00e1 navegando em nosso site. E o melhor: s\u00e3o m\u00e9todos seguros, testados e que &#8230; <a title=\"Comment obtenir Robux en Roblox\u00a0!\" class=\"read-more\" href=\"https:\/\/mochilanaestrada.com\/fr\/page-de-destination\/comment-obtenir-des-robux-sur-roblox\/\" aria-label=\"En savoir plus sur Como Conseguir Robux no Roblox!\">En savoir plus<\/a><\/p>","protected":false},"author":6,"featured_media":0,"parent":591,"menu_order":0,"comment_status":"closed","ping_status":"closed","template":"","meta":{"_acf_changed":false,"footnotes":""},"class_list":["post-594","page","type-page","status-publish"],"acf":[],"_links":{"self":[{"href":"https:\/\/mochilanaestrada.com\/fr\/wp-json\/wp\/v2\/pages\/594","targetHints":{"allow":["GET"]}}],"collection":[{"href":"https:\/\/mochilanaestrada.com\/fr\/wp-json\/wp\/v2\/pages"}],"about":[{"href":"https:\/\/mochilanaestrada.com\/fr\/wp-json\/wp\/v2\/types\/page"}],"author":[{"embeddable":true,"href":"https:\/\/mochilanaestrada.com\/fr\/wp-json\/wp\/v2\/users\/6"}],"replies":[{"embeddable":true,"href":"https:\/\/mochilanaestrada.com\/fr\/wp-json\/wp\/v2\/comments?post=594"}],"version-history":[{"count":8,"href":"https:\/\/mochilanaestrada.com\/fr\/wp-json\/wp\/v2\/pages\/594\/revisions"}],"predecessor-version":[{"id":720,"href":"https:\/\/mochilanaestrada.com\/fr\/wp-json\/wp\/v2\/pages\/594\/revisions\/720"}],"up":[{"embeddable":true,"href":"https:\/\/mochilanaestrada.com\/fr\/wp-json\/wp\/v2\/pages\/591"}],"wp:attachment":[{"href":"https:\/\/mochilanaestrada.com\/fr\/wp-json\/wp\/v2\/media?parent=594"}],"curies":[{"name":"wp","href":"https:\/\/api.w.org\/{rel}","templated":true}]}}