{"id":33,"date":"2025-03-17T07:36:53","date_gmt":"2025-03-17T10:36:53","guid":{"rendered":"https:\/\/mochilanaestrada.com\/?page_id=33"},"modified":"2025-03-17T07:36:53","modified_gmt":"2025-03-17T10:36:53","slug":"qui-sommes-nous","status":"publish","type":"page","link":"https:\/\/mochilanaestrada.com\/fr\/qui-sommes-nous\/","title":{"rendered":"Qui sommes-nous"},"content":{"rendered":"<div class=\"wp-block-image\">\n<figure class=\"alignleft size-large is-resized\"><img loading=\"lazy\" decoding=\"async\" width=\"1024\" height=\"1007\" src=\"https:\/\/mochilanaestrada.com\/wp-content\/uploads\/2025\/03\/bruno-polido-redator-1024x1007.jpeg\" alt=\"\" class=\"wp-image-34\" style=\"width:407px;height:auto\" srcset=\"https:\/\/mochilanaestrada.com\/wp-content\/uploads\/2025\/03\/bruno-polido-redator-1024x1007.jpeg 1024w, https:\/\/mochilanaestrada.com\/wp-content\/uploads\/2025\/03\/bruno-polido-redator-300x295.jpeg 300w, https:\/\/mochilanaestrada.com\/wp-content\/uploads\/2025\/03\/bruno-polido-redator-768x755.jpeg 768w, https:\/\/mochilanaestrada.com\/wp-content\/uploads\/2025\/03\/bruno-polido-redator-1536x1510.jpeg 1536w, https:\/\/mochilanaestrada.com\/wp-content\/uploads\/2025\/03\/bruno-polido-redator.jpeg 2018w\" sizes=\"auto, (max-width: 1024px) 100vw, 1024px\" \/><figcaption class=\"wp-element-caption\">Bruno Polido \u2013 R\u00e9dacteur en chef<\/figcaption><\/figure>\n<\/div>\n\n\n<p>Bienvenue sur MochilaNaEstrada, votre guide essentiel pour explorer le vaste monde du jeu et les derni\u00e8res nouvelles de l&#039;univers Roblox !<\/p>\n\n\n\n<p>Fond\u00e9e par Bruno Polido, passionn\u00e9 de jeux vid\u00e9o de longue date vivant au Portugal, MochilaNaEstrada est n\u00e9e de sa passion pour le partage de connaissances et d&#039;exp\u00e9riences sur les innombrables possibilit\u00e9s offertes par Roblox. Apr\u00e8s des ann\u00e9es pass\u00e9es \u00e0 explorer diff\u00e9rents univers de jeu, Bruno a d\u00e9cid\u00e9 de concentrer son attention et son expertise sur Roblox, cherchant \u00e0 cr\u00e9er une communaut\u00e9 tout aussi passionn\u00e9e.<\/p>\n\n\n\n<p>Sur notre blog, MochilaNaEstrada, vous trouverez des tests d\u00e9taill\u00e9s des jeux les plus populaires de la plateforme, les derni\u00e8res mises \u00e0 jour de d\u00e9veloppement et les derni\u00e8res actualit\u00e9s concernant Roblox. Nous nous engageons \u00e0 fournir des informations pr\u00e9cises et pr\u00e9cieuses pour enrichir votre exp\u00e9rience dans l&#039;univers de Roblox.<\/p>\n\n\n\n<p>MochilaNaEstrada est l\u00e0 pour aider les joueurs, v\u00e9t\u00e9rans comme d\u00e9butants, \u00e0 explorer le monde diversifi\u00e9 et passionnant du jeu vid\u00e9o. Rejoignez-nous dans cette aventure palpitante\u00a0: explorez de nouveaux territoires, testez vos comp\u00e9tences et profitez des meilleures exp\u00e9riences offertes par Roblox.<\/p>","protected":false},"excerpt":{"rendered":"<p>Bienvenue sur MochilaNaEstrada, votre guide incontournable pour explorer le vaste monde des jeux et les derni\u00e8res actualit\u00e9s de l&#039;univers Roblox\u00a0! Fond\u00e9 par Bruno Polido, passionn\u00e9e de jeux vid\u00e9o de longue date et r\u00e9sidente portugaise, MochilaNaEstrada est n\u00e9 de sa passion pour le partage de connaissances et d&#039;exp\u00e9riences sur les innombrables\u2026 <a title=\"Qui sommes-nous\" class=\"read-more\" href=\"https:\/\/mochilanaestrada.com\/fr\/qui-sommes-nous\/\" aria-label=\"Apprenez-en davantage sur qui nous sommes\">En savoir plus<\/a><\/p>","protected":false},"author":1,"featured_media":0,"parent":0,"menu_order":0,"comment_status":"closed","ping_status":"closed","template":"","meta":{"_acf_changed":false,"footnotes":""},"class_list":["post-33","page","type-page","status-publish"],"acf":[],"_links":{"self":[{"href":"https:\/\/mochilanaestrada.com\/fr\/wp-json\/wp\/v2\/pages\/33","targetHints":{"allow":["GET"]}}],"collection":[{"href":"https:\/\/mochilanaestrada.com\/fr\/wp-json\/wp\/v2\/pages"}],"about":[{"href":"https:\/\/mochilanaestrada.com\/fr\/wp-json\/wp\/v2\/types\/page"}],"author":[{"embeddable":true,"href":"https:\/\/mochilanaestrada.com\/fr\/wp-json\/wp\/v2\/users\/1"}],"replies":[{"embeddable":true,"href":"https:\/\/mochilanaestrada.com\/fr\/wp-json\/wp\/v2\/comments?post=33"}],"version-history":[{"count":1,"href":"https:\/\/mochilanaestrada.com\/fr\/wp-json\/wp\/v2\/pages\/33\/revisions"}],"predecessor-version":[{"id":35,"href":"https:\/\/mochilanaestrada.com\/fr\/wp-json\/wp\/v2\/pages\/33\/revisions\/35"}],"wp:attachment":[{"href":"https:\/\/mochilanaestrada.com\/fr\/wp-json\/wp\/v2\/media?parent=33"}],"curies":[{"name":"wp","href":"https:\/\/api.w.org\/{rel}","templated":true}]}}