{"id":27,"date":"2025-03-17T07:31:48","date_gmt":"2025-03-17T10:31:48","guid":{"rendered":"https:\/\/mochilanaestrada.com\/?page_id=27"},"modified":"2025-04-18T11:35:17","modified_gmt":"2025-04-18T14:35:17","slug":"transparence-avec-le-lecteur","status":"publish","type":"page","link":"https:\/\/mochilanaestrada.com\/fr\/transparence-avec-le-lecteur\/","title":{"rendered":"Transparence avec le lecteur"},"content":{"rendered":"<p><strong>Bienvenue sur notre page de transparence chez MochilaNaEstrada<\/strong><\/p>\n\n\n\n<p>Chez MochilaNaEstrada, nous accordons une grande importance \u00e0 la clart\u00e9 et notre engagement en faveur de la transparence est essentiel. Notre objectif est de vous tenir inform\u00e9, vous, cher lecteur, des politiques qui r\u00e9gissent nos activit\u00e9s.<\/p>\n\n\n\n<p><strong>Directives \u00e9ditoriales<\/strong><\/p>\n\n\n\n<p>Notre contenu est cr\u00e9\u00e9 avec un souci d&#039;exactitude, d&#039;impartialit\u00e9 et de pertinence. Nous menons des recherches approfondies, des analyses m\u00e9ticuleuses et nous appuyons sur l&#039;expertise qualifi\u00e9e de notre \u00e9quipe \u00e9ditoriale. Nous veillons \u00e0 ce que les r\u00e9mun\u00e9rations n&#039;influencent pas la qualit\u00e9 des articles que nous produisons. Les articles contenant des liens d&#039;affiliation seront clairement identifi\u00e9s.<\/p>\n\n\n\n<p><strong>G\u00e9n\u00e9ration de revenus et publicit\u00e9<\/strong><\/p>\n\n\n\n<p>Nous sommes en cours d&#039;approbation pour utiliser Google AdSense, un syst\u00e8me publicitaire r\u00e9pondant \u00e0 des normes de conformit\u00e9 l\u00e9gales strictes. Les annonces sur notre site sont clairement identifi\u00e9es et l&#039;interaction financi\u00e8re r\u00e9sultant des clics sur les annonces se d\u00e9roule sans compromettre l&#039;int\u00e9grit\u00e9 de notre contenu. Nous veillons \u00e0 ce que les annonces que nous diffusons soient pertinentes et de haute qualit\u00e9.<\/p>\n\n\n\n<p><strong>Confidentialit\u00e9 des utilisateurs<\/strong><\/p>\n\n\n\n<p>Le respect de la vie priv\u00e9e des visiteurs de notre site web est une priorit\u00e9. Nous appliquons des politiques strictes de protection des donn\u00e9es, garantissant que les informations collect\u00e9es sont utilis\u00e9es exclusivement pour am\u00e9liorer votre exp\u00e9rience sur le site web et ne sont ni vendues ni divulgu\u00e9es \u00e0 des tiers sans votre consentement explicite.<\/p>\n\n\n\n<p><strong>Obligations l\u00e9gales<\/strong><\/p>\n\n\n\n<p>Nous nous engageons \u00e0 garantir que tout le contenu de MochilaNaEstrada soit conforme aux lois en vigueur. Si vous trouvez du contenu qui enfreint les droits d&#039;auteur ou d&#039;autres lois, veuillez nous contacter imm\u00e9diatement afin que nous puissions apporter les corrections n\u00e9cessaires.<\/p>\n\n\n\n<p><strong>Contactez-nous<\/strong><\/p>\n\n\n\n<p>Pour toute question, demande ou suggestion concernant nos politiques de transparence ou tout autre sujet, n&#039;h\u00e9sitez pas \u00e0 utiliser notre formulaire de contact ou \u00e0 envoyer un e-mail \u00e0 <a href=\"mailto:contacto@mochilanaestrada.com\">contacto@mochilanaestrada.com<\/a><\/p>\n\n\n\n<p>Nous appr\u00e9cions votre confiance et votre int\u00e9r\u00eat pour notre d\u00e9vouement \u00e0 la transparence chez MochilaNaEstrada.<\/p>","protected":false},"excerpt":{"rendered":"<p>Bienvenue sur la page Transparence de MochilaNaEstrada. Chez MochilaNaEstrada, la transparence est essentielle pour nous, et notre engagement envers la transparence est essentiel. Notre objectif est de vous tenir inform\u00e9, vous, lecteur, des politiques qui r\u00e9gissent nos activit\u00e9s. Directives \u00e9ditoriales\u00a0: notre contenu est cr\u00e9\u00e9 avec le souci de l&#039;exactitude, \u2026 <a title=\"Transparence avec le lecteur\" class=\"read-more\" href=\"https:\/\/mochilanaestrada.com\/fr\/transparence-avec-le-lecteur\/\" aria-label=\"En savoir plus sur Transpar\u00eancia com o leitor\">En savoir plus<\/a><\/p>","protected":false},"author":1,"featured_media":0,"parent":0,"menu_order":0,"comment_status":"closed","ping_status":"closed","template":"","meta":{"_acf_changed":false,"footnotes":""},"class_list":["post-27","page","type-page","status-publish"],"acf":[],"_links":{"self":[{"href":"https:\/\/mochilanaestrada.com\/fr\/wp-json\/wp\/v2\/pages\/27","targetHints":{"allow":["GET"]}}],"collection":[{"href":"https:\/\/mochilanaestrada.com\/fr\/wp-json\/wp\/v2\/pages"}],"about":[{"href":"https:\/\/mochilanaestrada.com\/fr\/wp-json\/wp\/v2\/types\/page"}],"author":[{"embeddable":true,"href":"https:\/\/mochilanaestrada.com\/fr\/wp-json\/wp\/v2\/users\/1"}],"replies":[{"embeddable":true,"href":"https:\/\/mochilanaestrada.com\/fr\/wp-json\/wp\/v2\/comments?post=27"}],"version-history":[{"count":2,"href":"https:\/\/mochilanaestrada.com\/fr\/wp-json\/wp\/v2\/pages\/27\/revisions"}],"predecessor-version":[{"id":413,"href":"https:\/\/mochilanaestrada.com\/fr\/wp-json\/wp\/v2\/pages\/27\/revisions\/413"}],"wp:attachment":[{"href":"https:\/\/mochilanaestrada.com\/fr\/wp-json\/wp\/v2\/media?parent=27"}],"curies":[{"name":"wp","href":"https:\/\/api.w.org\/{rel}","templated":true}]}}