{"id":22,"date":"2025-03-17T07:27:38","date_gmt":"2025-03-17T10:27:38","guid":{"rendered":"https:\/\/mochilanaestrada.com\/?page_id=22"},"modified":"2025-04-18T11:36:01","modified_gmt":"2025-04-18T14:36:01","slug":"contact","status":"publish","type":"page","link":"https:\/\/mochilanaestrada.com\/fr\/contact\/","title":{"rendered":"Contact"},"content":{"rendered":"<p><strong>Entrer en contact<\/strong><\/p>\n\n\n\n<p>Nous sommes l\u00e0 pour vous aider\u00a0! Si vous avez besoin d&#039;informations compl\u00e9mentaires ou souhaitez nous faire part d&#039;une suggestion, n&#039;h\u00e9sitez pas \u00e0 nous contacter de l&#039;une des mani\u00e8res suivantes\u00a0:<\/p>\n\n\n\n<p><strong>E-mail<\/strong><\/p>\n\n\n\n<p>Pour toute question concernant la publicit\u00e9 ou d&#039;autres sujets, veuillez nous contacter \u00e0 <a href=\"mailto:contacto@mochilanaestrada.com\" data-type=\"mailto\" data-id=\"mailto:contacto@mochilanaestrada.com\">contacto@mochilanaestrada.com<\/a>Nous ferons de notre mieux pour r\u00e9pondre rapidement.<\/p>","protected":false},"excerpt":{"rendered":"<p>Entre em Contato Estamos aqui para auxili\u00e1-lo! Se precisar de informa\u00e7\u00f5es adicionais ou quiser fazer uma sugest\u00e3o, n\u00e3o hesite em nos contactar de uma das seguintes maneiras: E-mail Para quest\u00f5es sobre publicidade ou outros assuntos, por favor, entre em contato atrav\u00e9s do endere\u00e7o eletr\u00f3nico contacto@mochilanaestrada.com. Faremos o poss\u00edvel para responder &#8230; <a title=\"Contact\" class=\"read-more\" href=\"https:\/\/mochilanaestrada.com\/fr\/contact\/\" aria-label=\"En savoir plus sur Contacto\">En savoir plus<\/a><\/p>","protected":false},"author":1,"featured_media":0,"parent":0,"menu_order":0,"comment_status":"closed","ping_status":"closed","template":"","meta":{"_acf_changed":false,"footnotes":""},"class_list":["post-22","page","type-page","status-publish"],"acf":[],"_links":{"self":[{"href":"https:\/\/mochilanaestrada.com\/fr\/wp-json\/wp\/v2\/pages\/22","targetHints":{"allow":["GET"]}}],"collection":[{"href":"https:\/\/mochilanaestrada.com\/fr\/wp-json\/wp\/v2\/pages"}],"about":[{"href":"https:\/\/mochilanaestrada.com\/fr\/wp-json\/wp\/v2\/types\/page"}],"author":[{"embeddable":true,"href":"https:\/\/mochilanaestrada.com\/fr\/wp-json\/wp\/v2\/users\/1"}],"replies":[{"embeddable":true,"href":"https:\/\/mochilanaestrada.com\/fr\/wp-json\/wp\/v2\/comments?post=22"}],"version-history":[{"count":2,"href":"https:\/\/mochilanaestrada.com\/fr\/wp-json\/wp\/v2\/pages\/22\/revisions"}],"predecessor-version":[{"id":414,"href":"https:\/\/mochilanaestrada.com\/fr\/wp-json\/wp\/v2\/pages\/22\/revisions\/414"}],"wp:attachment":[{"href":"https:\/\/mochilanaestrada.com\/fr\/wp-json\/wp\/v2\/media?parent=22"}],"curies":[{"name":"wp","href":"https:\/\/api.w.org\/{rel}","templated":true}]}}