{"id":33,"date":"2025-03-17T07:36:53","date_gmt":"2025-03-17T10:36:53","guid":{"rendered":"https:\/\/mochilanaestrada.com\/?page_id=33"},"modified":"2025-03-17T07:36:53","modified_gmt":"2025-03-17T10:36:53","slug":"quienes-somos","status":"publish","type":"page","link":"https:\/\/mochilanaestrada.com\/es\/quienes-somos\/","title":{"rendered":"Quienes somos"},"content":{"rendered":"<div class=\"wp-block-image\">\n<figure class=\"alignleft size-large is-resized\"><img loading=\"lazy\" decoding=\"async\" width=\"1024\" height=\"1007\" src=\"https:\/\/mochilanaestrada.com\/wp-content\/uploads\/2025\/03\/bruno-polido-redator-1024x1007.jpeg\" alt=\"\" class=\"wp-image-34\" style=\"width:407px;height:auto\" srcset=\"https:\/\/mochilanaestrada.com\/wp-content\/uploads\/2025\/03\/bruno-polido-redator-1024x1007.jpeg 1024w, https:\/\/mochilanaestrada.com\/wp-content\/uploads\/2025\/03\/bruno-polido-redator-300x295.jpeg 300w, https:\/\/mochilanaestrada.com\/wp-content\/uploads\/2025\/03\/bruno-polido-redator-768x755.jpeg 768w, https:\/\/mochilanaestrada.com\/wp-content\/uploads\/2025\/03\/bruno-polido-redator-1536x1510.jpeg 1536w, https:\/\/mochilanaestrada.com\/wp-content\/uploads\/2025\/03\/bruno-polido-redator.jpeg 2018w\" sizes=\"auto, (max-width: 1024px) 100vw, 1024px\" \/><figcaption class=\"wp-element-caption\">Bruno Polido \u2013 Editor<\/figcaption><\/figure>\n<\/div>\n\n\n<p>\u00a1Bienvenido a MochilaNaEstrada, tu gu\u00eda esencial para explorar el vasto mundo de los juegos y las \u00faltimas novedades del universo Roblox!<\/p>\n\n\n\n<p>Fundada por Bruno Polido, un veterano entusiasta de los videojuegos residente en Portugal, MochilaNaEstrada naci\u00f3 de su pasi\u00f3n por compartir conocimientos y experiencias sobre las innumerables posibilidades de Roblox. Tras a\u00f1os dedicados a explorar diferentes universos de videojuegos, Bruno decidi\u00f3 centrar su atenci\u00f3n y experiencia en Roblox, buscando crear una comunidad igualmente apasionada.<\/p>\n\n\n\n<p>En nuestro blog, MochilaNaEstrada, encontrar\u00e1s an\u00e1lisis a fondo de los juegos m\u00e1s populares de la plataforma, las \u00faltimas actualizaciones de desarrollo y las \u00faltimas noticias sobre Roblox. Nos comprometemos a proporcionar informaci\u00f3n precisa y valiosa para enriquecer tu experiencia en el mundo de Roblox.<\/p>\n\n\n\n<p>MochilaNaEstrada est\u00e1 aqu\u00ed para ayudar tanto a jugadores veteranos como a nuevos a explorar el diverso y emocionante mundo de los videojuegos. \u00danete a nosotros en esta emocionante aventura mientras exploramos nuevos territorios, ponemos a prueba nuestras habilidades y disfrutamos de las mejores experiencias que Roblox ofrece.<\/p>","protected":false},"excerpt":{"rendered":"<p>\u00a1Bienvenido a MochilaNaEstrada, tu gu\u00eda esencial para explorar el vasto mundo de los videojuegos y las \u00faltimas noticias del universo Roblox! Fundada por Bruno Polido, un veterano entusiasta de los videojuegos y residente en Portugal, MochilaNaEstrada naci\u00f3 de su pasi\u00f3n por compartir conocimientos y experiencias sobre los innumerables\u2026 <a title=\"Quienes somos\" class=\"read-more\" href=\"https:\/\/mochilanaestrada.com\/es\/quienes-somos\/\" aria-label=\"Lea m\u00e1s sobre qui\u00e9nes somos\">Leer m\u00e1s<\/a><\/p>","protected":false},"author":1,"featured_media":0,"parent":0,"menu_order":0,"comment_status":"closed","ping_status":"closed","template":"","meta":{"_acf_changed":false,"footnotes":""},"class_list":["post-33","page","type-page","status-publish"],"acf":[],"_links":{"self":[{"href":"https:\/\/mochilanaestrada.com\/es\/wp-json\/wp\/v2\/pages\/33","targetHints":{"allow":["GET"]}}],"collection":[{"href":"https:\/\/mochilanaestrada.com\/es\/wp-json\/wp\/v2\/pages"}],"about":[{"href":"https:\/\/mochilanaestrada.com\/es\/wp-json\/wp\/v2\/types\/page"}],"author":[{"embeddable":true,"href":"https:\/\/mochilanaestrada.com\/es\/wp-json\/wp\/v2\/users\/1"}],"replies":[{"embeddable":true,"href":"https:\/\/mochilanaestrada.com\/es\/wp-json\/wp\/v2\/comments?post=33"}],"version-history":[{"count":1,"href":"https:\/\/mochilanaestrada.com\/es\/wp-json\/wp\/v2\/pages\/33\/revisions"}],"predecessor-version":[{"id":35,"href":"https:\/\/mochilanaestrada.com\/es\/wp-json\/wp\/v2\/pages\/33\/revisions\/35"}],"wp:attachment":[{"href":"https:\/\/mochilanaestrada.com\/es\/wp-json\/wp\/v2\/media?parent=33"}],"curies":[{"name":"wp","href":"https:\/\/api.w.org\/{rel}","templated":true}]}}