{"id":27,"date":"2025-03-17T07:31:48","date_gmt":"2025-03-17T10:31:48","guid":{"rendered":"https:\/\/mochilanaestrada.com\/?page_id=27"},"modified":"2025-04-18T11:35:17","modified_gmt":"2025-04-18T14:35:17","slug":"transparencia-con-el-lector","status":"publish","type":"page","link":"https:\/\/mochilanaestrada.com\/es\/transparencia-con-el-lector\/","title":{"rendered":"Transparencia con el lector"},"content":{"rendered":"<p><strong>Bienvenido a nuestra p\u00e1gina de transparencia en MochilaNaEstrada<\/strong><\/p>\n\n\n\n<p>En MochilaNaEstrada, valoramos la claridad y el compromiso con la transparencia es fundamental para nosotros. Nuestro objetivo es mantenerlo informado sobre las pol\u00edticas que rigen nuestras actividades.<\/p>\n\n\n\n<p><strong>Pautas editoriales<\/strong><\/p>\n\n\n\n<p>Nuestro contenido se crea priorizando la precisi\u00f3n, la imparcialidad y la relevancia. Realizamos investigaciones exhaustivas y an\u00e1lisis meticulosos, y nos apoyamos en la experiencia cualificada de nuestro equipo editorial. Nos aseguramos de que la compensaci\u00f3n econ\u00f3mica no influya en los art\u00edculos que producimos. Los art\u00edculos que contengan enlaces de afiliados estar\u00e1n claramente identificados.<\/p>\n\n\n\n<p><strong>Generaci\u00f3n de ingresos y publicidad<\/strong><\/p>\n\n\n\n<p>Estamos en proceso de obtener la aprobaci\u00f3n para usar Google AdSense, un sistema publicitario que cumple con estrictos est\u00e1ndares legales. Los anuncios en nuestro sitio est\u00e1n claramente etiquetados y la interacci\u00f3n financiera resultante de los clics en los anuncios se produce sin comprometer la integridad de nuestro contenido. Nos esforzamos por garantizar que los anuncios que mostramos sean relevantes y de alta calidad.<\/p>\n\n\n\n<p><strong>Privacidad del usuario<\/strong><\/p>\n\n\n\n<p>Respetar la privacidad de los visitantes de nuestro sitio web es nuestra prioridad. Implementamos estrictas pol\u00edticas de protecci\u00f3n de datos, garantizando que la informaci\u00f3n recopilada se utilice exclusivamente para mejorar su experiencia en el sitio web y no se venda ni se divulgue a terceros sin su consentimiento expl\u00edcito.<\/p>\n\n\n\n<p><strong>Obligaciones legales<\/strong><\/p>\n\n\n\n<p>Nos comprometemos a garantizar que todo el contenido de MochilaNaEstrada cumpla con las leyes aplicables. Si encuentra alg\u00fan contenido que infrinja los derechos de autor u otras leyes, cont\u00e1ctenos de inmediato para que podamos corregirlo.<\/p>\n\n\n\n<p><strong>Cont\u00e1ctenos<\/strong><\/p>\n\n\n\n<p>Para preguntas, consultas o sugerencias sobre nuestras pol\u00edticas de transparencia o cualquier otro tema, no dude en utilizar nuestro formulario de contacto o enviar un correo electr\u00f3nico a <a href=\"mailto:contacto@mochilanaestrada.com\">contacto@mochilanaestrada.com<\/a><\/p>\n\n\n\n<p>Agradecemos su confianza e inter\u00e9s en nuestra dedicaci\u00f3n a la transparencia en MochilaNaEstrada.<\/p>","protected":false},"excerpt":{"rendered":"<p>Bem-Vindo \u00e0 Nossa P\u00e1gina de Transpar\u00eancia na MochilaNaEstrada Aqui na MochilaNaEstrada, valorizamos a clareza e o compromisso com a transpar\u00eancia \u00e9 essencial para n\u00f3s. Nosso objetivo \u00e9 manter voc\u00ea, nosso leitor, bem informado sobre as pol\u00edticas que orientam nossas atividades. Diretrizes Editoriais Nosso conte\u00fado \u00e9 criado com foco na precis\u00e3o, &#8230; <a title=\"Transparencia con el lector\" class=\"read-more\" href=\"https:\/\/mochilanaestrada.com\/es\/transparencia-con-el-lector\/\" aria-label=\"Leer m\u00e1s sobre Transpar\u00eancia com o leitor\">Leer m\u00e1s<\/a><\/p>","protected":false},"author":1,"featured_media":0,"parent":0,"menu_order":0,"comment_status":"closed","ping_status":"closed","template":"","meta":{"_acf_changed":false,"footnotes":""},"class_list":["post-27","page","type-page","status-publish"],"acf":[],"_links":{"self":[{"href":"https:\/\/mochilanaestrada.com\/es\/wp-json\/wp\/v2\/pages\/27","targetHints":{"allow":["GET"]}}],"collection":[{"href":"https:\/\/mochilanaestrada.com\/es\/wp-json\/wp\/v2\/pages"}],"about":[{"href":"https:\/\/mochilanaestrada.com\/es\/wp-json\/wp\/v2\/types\/page"}],"author":[{"embeddable":true,"href":"https:\/\/mochilanaestrada.com\/es\/wp-json\/wp\/v2\/users\/1"}],"replies":[{"embeddable":true,"href":"https:\/\/mochilanaestrada.com\/es\/wp-json\/wp\/v2\/comments?post=27"}],"version-history":[{"count":2,"href":"https:\/\/mochilanaestrada.com\/es\/wp-json\/wp\/v2\/pages\/27\/revisions"}],"predecessor-version":[{"id":413,"href":"https:\/\/mochilanaestrada.com\/es\/wp-json\/wp\/v2\/pages\/27\/revisions\/413"}],"wp:attachment":[{"href":"https:\/\/mochilanaestrada.com\/es\/wp-json\/wp\/v2\/media?parent=27"}],"curies":[{"name":"wp","href":"https:\/\/api.w.org\/{rel}","templated":true}]}}