{"id":22,"date":"2025-03-17T07:27:38","date_gmt":"2025-03-17T10:27:38","guid":{"rendered":"https:\/\/mochilanaestrada.com\/?page_id=22"},"modified":"2025-04-18T11:36:01","modified_gmt":"2025-04-18T14:36:01","slug":"contacto","status":"publish","type":"page","link":"https:\/\/mochilanaestrada.com\/es\/contacto\/","title":{"rendered":"Contacto"},"content":{"rendered":"<p><strong>Cont\u00e1ctanos<\/strong><\/p>\n\n\n\n<p>\u00a1Estamos aqu\u00ed para ayudarte! Si necesitas m\u00e1s informaci\u00f3n o quieres hacer alguna sugerencia, no dudes en contactarnos de alguna de las siguientes maneras:<\/p>\n\n\n\n<p><strong>Correo electr\u00f3nico<\/strong><\/p>\n\n\n\n<p>Para preguntas sobre publicidad u otros asuntos, cont\u00e1ctenos en <a href=\"mailto:contacto@mochilanaestrada.com\" data-type=\"mailto\" data-id=\"mailto:contacto@mochilanaestrada.com\">contacto@mochilanaestrada.com<\/a>Haremos todo lo posible para responderle con prontitud.<\/p>","protected":false},"excerpt":{"rendered":"<p>Entre em Contato Estamos aqui para auxili\u00e1-lo! Se precisar de informa\u00e7\u00f5es adicionais ou quiser fazer uma sugest\u00e3o, n\u00e3o hesite em nos contactar de uma das seguintes maneiras: E-mail Para quest\u00f5es sobre publicidade ou outros assuntos, por favor, entre em contato atrav\u00e9s do endere\u00e7o eletr\u00f3nico contacto@mochilanaestrada.com. Faremos o poss\u00edvel para responder &#8230; <a title=\"Contacto\" class=\"read-more\" href=\"https:\/\/mochilanaestrada.com\/es\/contacto\/\" aria-label=\"Leer m\u00e1s sobre Contacto\">Leer m\u00e1s<\/a><\/p>","protected":false},"author":1,"featured_media":0,"parent":0,"menu_order":0,"comment_status":"closed","ping_status":"closed","template":"","meta":{"_acf_changed":false,"footnotes":""},"class_list":["post-22","page","type-page","status-publish"],"acf":[],"_links":{"self":[{"href":"https:\/\/mochilanaestrada.com\/es\/wp-json\/wp\/v2\/pages\/22","targetHints":{"allow":["GET"]}}],"collection":[{"href":"https:\/\/mochilanaestrada.com\/es\/wp-json\/wp\/v2\/pages"}],"about":[{"href":"https:\/\/mochilanaestrada.com\/es\/wp-json\/wp\/v2\/types\/page"}],"author":[{"embeddable":true,"href":"https:\/\/mochilanaestrada.com\/es\/wp-json\/wp\/v2\/users\/1"}],"replies":[{"embeddable":true,"href":"https:\/\/mochilanaestrada.com\/es\/wp-json\/wp\/v2\/comments?post=22"}],"version-history":[{"count":2,"href":"https:\/\/mochilanaestrada.com\/es\/wp-json\/wp\/v2\/pages\/22\/revisions"}],"predecessor-version":[{"id":414,"href":"https:\/\/mochilanaestrada.com\/es\/wp-json\/wp\/v2\/pages\/22\/revisions\/414"}],"wp:attachment":[{"href":"https:\/\/mochilanaestrada.com\/es\/wp-json\/wp\/v2\/media?parent=22"}],"curies":[{"name":"wp","href":"https:\/\/api.w.org\/{rel}","templated":true}]}}